{"id":62,"date":"2022-10-18T03:41:34","date_gmt":"2022-10-18T03:41:34","guid":{"rendered":"https:\/\/ilm-cpdi.ca\/?page_id=62"},"modified":"2024-07-12T00:40:07","modified_gmt":"2024-07-12T00:40:07","slug":"about-us","status":"publish","type":"page","link":"https:\/\/ilm-cpdi.ca\/fr\/about-us\/","title":{"rendered":"Qui sommes-nous"},"content":{"rendered":"<div class=\"wp-block-columns is-layout-flex wp-container-core-columns-is-layout-9d6595d7 wp-block-columns-is-layout-flex\">\n<div class=\"wp-block-column is-layout-flow wp-block-column-is-layout-flow\">\n<div class=\"wp-block-cover is-light coblocks-animate\" data-coblocks-animation=\"fadeIn\"><span aria-hidden=\"true\" class=\"wp-block-cover__background has-background-dim\"><\/span><img loading=\"lazy\" decoding=\"async\" width=\"2560\" height=\"1707\" class=\"wp-block-cover__image-background wp-image-82\" alt=\"\" src=\"https:\/\/ilm-cpdi.ca\/wp-content\/uploads\/2022\/10\/20221018-giorgio-trovato-_XTY6lD8jgM-unsplash-scaled.jpg\" data-object-fit=\"cover\" srcset=\"https:\/\/ilm-cpdi.ca\/wp-content\/uploads\/2022\/10\/20221018-giorgio-trovato-_XTY6lD8jgM-unsplash-scaled.jpg 2560w, https:\/\/ilm-cpdi.ca\/wp-content\/uploads\/2022\/10\/20221018-giorgio-trovato-_XTY6lD8jgM-unsplash-300x200.jpg 300w, https:\/\/ilm-cpdi.ca\/wp-content\/uploads\/2022\/10\/20221018-giorgio-trovato-_XTY6lD8jgM-unsplash-1024x683.jpg 1024w, https:\/\/ilm-cpdi.ca\/wp-content\/uploads\/2022\/10\/20221018-giorgio-trovato-_XTY6lD8jgM-unsplash-768x512.jpg 768w, https:\/\/ilm-cpdi.ca\/wp-content\/uploads\/2022\/10\/20221018-giorgio-trovato-_XTY6lD8jgM-unsplash-1536x1024.jpg 1536w, https:\/\/ilm-cpdi.ca\/wp-content\/uploads\/2022\/10\/20221018-giorgio-trovato-_XTY6lD8jgM-unsplash-2048x1365.jpg 2048w, https:\/\/ilm-cpdi.ca\/wp-content\/uploads\/2022\/10\/20221018-giorgio-trovato-_XTY6lD8jgM-unsplash-180x120.jpg 180w\" sizes=\"auto, (max-width: 2560px) 100vw, 2560px\" \/><div class=\"wp-block-cover__inner-container is-layout-flow wp-block-cover-is-layout-flow\">\n<p class=\"has-text-align-center has-white-color has-text-color has-normal-font-size\"><strong>The Immigration, Refugee, and Citizenship Law Moot is Canada\u2019s first moot on immigration, refugee, and citizenship law. It is a national bilingual competition. <\/strong><\/p>\n<\/div><\/div>\n\n\n\n<h3 class=\"wp-block-heading\">Notre but<\/h3>\n\n\n\n<p class=\"has-normal-font-size\">The Immigration, Refugee, and Citizenship Law Moot  aims to provide a unique opportunity for law students, judges, academics, and practitioners from the public and private sectors to meet and debate problems of current importance in the fields of immigration refugee and citizenship law.<\/p>\n\n\n\n<p class=\"has-normal-font-size\">Ce concours est administrer par la comit\u00e9 organisateur, y compris du comit\u00e9 en chef et des sous-comit\u00e9s. Les membres des comit\u00e9s y compris des juges et practiennes du droit.<\/p>\n<\/div>\n\n\n\n<div class=\"wp-block-column is-layout-flow wp-block-column-is-layout-flow\">\n<h3 class=\"wp-block-heading\">Notre Pr\u00e9sident<\/h3>\n\n\n\n<p><strong>Le Juge Alan Diner<\/strong><\/p>\n\n\n\n<figure class=\"wp-block-image size-large coblocks-animate\" data-coblocks-animation=\"fadeIn\"><img loading=\"lazy\" decoding=\"async\" width=\"1024\" height=\"683\" src=\"https:\/\/ilm-cpdi.ca\/wp-content\/uploads\/2022\/10\/20181129-Justice-Diner_2193_BalfourPhoto_Web-Resolution-1024x683.jpg\" alt=\"\" class=\"wp-image-80\" srcset=\"https:\/\/ilm-cpdi.ca\/wp-content\/uploads\/2022\/10\/20181129-Justice-Diner_2193_BalfourPhoto_Web-Resolution-1024x683.jpg 1024w, https:\/\/ilm-cpdi.ca\/wp-content\/uploads\/2022\/10\/20181129-Justice-Diner_2193_BalfourPhoto_Web-Resolution-300x200.jpg 300w, https:\/\/ilm-cpdi.ca\/wp-content\/uploads\/2022\/10\/20181129-Justice-Diner_2193_BalfourPhoto_Web-Resolution-768x512.jpg 768w, https:\/\/ilm-cpdi.ca\/wp-content\/uploads\/2022\/10\/20181129-Justice-Diner_2193_BalfourPhoto_Web-Resolution-1536x1024.jpg 1536w, https:\/\/ilm-cpdi.ca\/wp-content\/uploads\/2022\/10\/20181129-Justice-Diner_2193_BalfourPhoto_Web-Resolution-180x120.jpg 180w, https:\/\/ilm-cpdi.ca\/wp-content\/uploads\/2022\/10\/20181129-Justice-Diner_2193_BalfourPhoto_Web-Resolution.jpg 2048w\" sizes=\"auto, (max-width: 1024px) 100vw, 1024px\" \/><\/figure>\n\n\n\n<h3 class=\"wp-block-heading\">Nos objectifs<\/h3>\n\n\n\n<p class=\"has-normal-font-size\">Les buts du concours sont:<\/p>\n\n\n\n<ul class=\"has-normal-font-size wp-block-list\">\n<li>de supporter et encourager la formation juridique<\/li>\n\n\n\n<li>promouvoir la coll\u00e9gialit\u00e9 et la collaboration dans la communaut\u00e9 juridique; et<\/li>\n\n\n\n<li>promouvoir un int\u00e9resse et appr\u00e9ciation du domaine du droit de l'immigration, des r\u00e9fugi\u00e9s et de la citoyennet\u00e9<\/li>\n<\/ul>\n\n\n\n<p><\/p>\n<\/div>\n<\/div>","protected":false},"excerpt":{"rendered":"<p>Our Purpose The Immigration, Refugee, and Citizenship Law Moot aims to provide a unique opportunity for law students, judges, academics, and practitioners from the public and private sectors to meet and debate problems of current<span class=\"more-button\"><a href=\"https:\/\/ilm-cpdi.ca\/fr\/about-us\/\" class=\"more-link\">Continue reading<span class=\"screen-reader-text\">Qui sommes-nous<\/span><i class=\"fa fa-angle-right\" aria-hidden=\"true\"><\/i><\/a><\/span><\/p>","protected":false},"author":1,"featured_media":0,"parent":0,"menu_order":0,"comment_status":"closed","ping_status":"closed","template":"","meta":{"_coblocks_attr":"","_coblocks_dimensions":"","_coblocks_responsive_height":"","_coblocks_accordion_ie_support":"","footnotes":""},"class_list":["post-62","page","type-page","status-publish","hentry"],"_links":{"self":[{"href":"https:\/\/ilm-cpdi.ca\/fr\/wp-json\/wp\/v2\/pages\/62","targetHints":{"allow":["GET"]}}],"collection":[{"href":"https:\/\/ilm-cpdi.ca\/fr\/wp-json\/wp\/v2\/pages"}],"about":[{"href":"https:\/\/ilm-cpdi.ca\/fr\/wp-json\/wp\/v2\/types\/page"}],"author":[{"embeddable":true,"href":"https:\/\/ilm-cpdi.ca\/fr\/wp-json\/wp\/v2\/users\/1"}],"replies":[{"embeddable":true,"href":"https:\/\/ilm-cpdi.ca\/fr\/wp-json\/wp\/v2\/comments?post=62"}],"version-history":[{"count":9,"href":"https:\/\/ilm-cpdi.ca\/fr\/wp-json\/wp\/v2\/pages\/62\/revisions"}],"predecessor-version":[{"id":353,"href":"https:\/\/ilm-cpdi.ca\/fr\/wp-json\/wp\/v2\/pages\/62\/revisions\/353"}],"wp:attachment":[{"href":"https:\/\/ilm-cpdi.ca\/fr\/wp-json\/wp\/v2\/media?parent=62"}],"curies":[{"name":"wp","href":"https:\/\/api.w.org\/{rel}","templated":true}]}}