{"id":524,"date":"2026-03-04T18:21:28","date_gmt":"2026-03-04T18:21:28","guid":{"rendered":"https:\/\/ilm-cpdi.ca\/?page_id=524"},"modified":"2026-03-04T18:30:17","modified_gmt":"2026-03-04T18:30:17","slug":"2027-moot","status":"publish","type":"page","link":"https:\/\/ilm-cpdi.ca\/fr\/2027-moot\/","title":{"rendered":"Le Concours de 2027"},"content":{"rendered":"<div class=\"wp-block-cover\" style=\"min-height:83px;aspect-ratio:unset;\"><img loading=\"lazy\" decoding=\"async\" width=\"150\" height=\"150\" class=\"wp-block-cover__image-background wp-image-463\" alt=\"\" src=\"https:\/\/ilm-cpdi.ca\/wp-content\/uploads\/2025\/08\/maple-leaves-150x150-2.jpg\" data-object-fit=\"cover\" srcset=\"https:\/\/ilm-cpdi.ca\/wp-content\/uploads\/2025\/08\/maple-leaves-150x150-2.jpg 150w, https:\/\/ilm-cpdi.ca\/wp-content\/uploads\/2025\/08\/maple-leaves-150x150-2-12x12.jpg 12w, https:\/\/ilm-cpdi.ca\/wp-content\/uploads\/2025\/08\/maple-leaves-150x150-2-100x100.jpg 100w\" sizes=\"auto, (max-width: 150px) 100vw, 150px\" \/><span aria-hidden=\"true\" class=\"wp-block-cover__background has-background-dim\"><\/span><div class=\"wp-block-cover__inner-container is-layout-flow wp-block-cover-is-layout-flow\">\n<p><\/p>\n<\/div><\/div>\n\n\n\n<p>Le Concours de plaidoirie en droit de l\u2019immigration, des r\u00e9fugi\u00e9s et de la citoyennet\u00e9 est ravi d\u2019\u00eatre de retour pour une septi\u00e8me ann\u00e9e ! <\/p>\n\n\n\n<p>Nous avons h\u00e2te d\u2019accueillir des \u00e9quipes exceptionnelles et un panel de juges prestigieux pour la ronde finale.<\/p>\n\n\n\n<p>Pour plus d'informations, veuillez contacter <a href=\"mailto:info@ilm-cpdi.ca\">info@ilm-cpdi.ca<\/a>.<br><\/p>\n\n\n\n<p class=\"has-georgia-font-family has-normal-font-size has-custom-font has-custom-weight\" style=\"letter-spacing:0px;font-family:Georgia;font-weight:normal;font-size:18px\"><\/p>\n\n\n\n<div class=\"wp-block-group\"><div class=\"wp-block-group__inner-container is-layout-constrained wp-block-group-is-layout-constrained\">\n<div class=\"wp-block-media-text alignwide has-media-on-the-right is-stacked-on-mobile is-vertically-aligned-top is-image-fill-element is-style-default\" style=\"grid-template-columns:auto 49%\"><div class=\"wp-block-media-text__content\">\n<h3 class=\"wp-block-heading\">Dates importantes<\/h3>\n\n\n\n<p class=\"has-text-align-left has-small-font-size\">Deadline to Register: TBD<\/p>\n\n\n\n<p class=\"has-text-align-left has-small-font-size\">Publication of Moot Problem : TBD<\/p>\n\n\n\n<p class=\"has-text-align-left has-small-font-size\">Deadline to Request Clarifications: TBD<\/p>\n\n\n\n<p class=\"has-text-align-left has-small-font-size\">Deadline to Assign Roles : TBD<\/p>\n\n\n\n<p class=\"has-text-align-left has-small-font-size\">Responses to Requests for Clarification : TBD<\/p>\n\n\n\n<p class=\"has-text-align-left has-small-font-size\">Date limite pour soumettre les m\u00e9moires et les sommaires d'une page: <strong>TBD<\/strong><\/p>\n\n\n\n<p style=\"font-size:15px\">Welcome Reception: TBD<\/p>\n\n\n\n<p class=\"has-text-align-left has-small-font-size\" style=\"font-size:15px\">Competition Day 1: TBD<\/p>\n\n\n\n<p style=\"font-size:15px\">Competition Day 2: TBD<\/p>\n\n\n\n<p style=\"font-size:15px\">Closing Ceremony and Awards Ceremony TBD<\/p>\n<\/div><figure class=\"wp-block-media-text__media\"><img loading=\"lazy\" decoding=\"async\" width=\"1024\" height=\"683\" src=\"https:\/\/ilm-cpdi.ca\/wp-content\/uploads\/2022\/10\/20221018-scott-graham-5fNmWej4tAA-unsplash-1-1024x683.jpg\" alt=\"\" class=\"wp-image-86 size-full\" style=\"object-position:50% 50%\" srcset=\"https:\/\/ilm-cpdi.ca\/wp-content\/uploads\/2022\/10\/20221018-scott-graham-5fNmWej4tAA-unsplash-1-1024x683.jpg 1024w, https:\/\/ilm-cpdi.ca\/wp-content\/uploads\/2022\/10\/20221018-scott-graham-5fNmWej4tAA-unsplash-1-300x200.jpg 300w, https:\/\/ilm-cpdi.ca\/wp-content\/uploads\/2022\/10\/20221018-scott-graham-5fNmWej4tAA-unsplash-1-768x513.jpg 768w, https:\/\/ilm-cpdi.ca\/wp-content\/uploads\/2022\/10\/20221018-scott-graham-5fNmWej4tAA-unsplash-1-1536x1025.jpg 1536w, https:\/\/ilm-cpdi.ca\/wp-content\/uploads\/2022\/10\/20221018-scott-graham-5fNmWej4tAA-unsplash-1-2048x1367.jpg 2048w, https:\/\/ilm-cpdi.ca\/wp-content\/uploads\/2022\/10\/20221018-scott-graham-5fNmWej4tAA-unsplash-1-180x120.jpg 180w\" sizes=\"auto, (max-width: 1024px) 100vw, 1024px\" \/><\/figure><\/div>\n<\/div><\/div>\n\n\n\n<div class=\"wp-block-group\"><div class=\"wp-block-group__inner-container is-layout-constrained wp-block-group-is-layout-constrained\">\n<div class=\"wp-block-cover alignwide is-style-default coblocks-animate\" style=\"min-height:94px;aspect-ratio:unset;\" data-coblocks-animation=\"slideInRight\"><img loading=\"lazy\" decoding=\"async\" width=\"2560\" height=\"1349\" class=\"wp-block-cover__image-background wp-image-101\" alt=\"\" src=\"https:\/\/ilm-cpdi.ca\/wp-content\/uploads\/2022\/10\/crop-0-0-2560-1349-0-20221018-mediamodifier-nCk22aqZjlM-unsplash-scaled.jpg\" style=\"object-position:49% 100%\" data-object-fit=\"cover\" data-object-position=\"49% 100%\" srcset=\"https:\/\/ilm-cpdi.ca\/wp-content\/uploads\/2022\/10\/crop-0-0-2560-1349-0-20221018-mediamodifier-nCk22aqZjlM-unsplash-scaled.jpg 2560w, https:\/\/ilm-cpdi.ca\/wp-content\/uploads\/2022\/10\/crop-0-0-2560-1349-0-20221018-mediamodifier-nCk22aqZjlM-unsplash-scaled-300x158.jpg 300w, https:\/\/ilm-cpdi.ca\/wp-content\/uploads\/2022\/10\/crop-0-0-2560-1349-0-20221018-mediamodifier-nCk22aqZjlM-unsplash-scaled-1024x540.jpg 1024w, https:\/\/ilm-cpdi.ca\/wp-content\/uploads\/2022\/10\/crop-0-0-2560-1349-0-20221018-mediamodifier-nCk22aqZjlM-unsplash-scaled-768x405.jpg 768w, https:\/\/ilm-cpdi.ca\/wp-content\/uploads\/2022\/10\/crop-0-0-2560-1349-0-20221018-mediamodifier-nCk22aqZjlM-unsplash-scaled-1536x809.jpg 1536w, https:\/\/ilm-cpdi.ca\/wp-content\/uploads\/2022\/10\/crop-0-0-2560-1349-0-20221018-mediamodifier-nCk22aqZjlM-unsplash-scaled-2048x1079.jpg 2048w\" sizes=\"auto, (max-width: 2560px) 100vw, 2560px\" \/><span aria-hidden=\"true\" class=\"wp-block-cover__background has-background-dim-60 has-background-dim\"><\/span><div class=\"wp-block-cover__inner-container is-layout-flow wp-block-cover-is-layout-flow\">\n<p class=\"has-text-align-center has-large-font-size\">Ressources<\/p>\n\n\n\n<p>TBD<a href=\"https:\/\/ilm-cpdi.ca\/wp-content\/uploads\/2026\/02\/2026-Moot-program-Programme-du-concours.pdf\" data-type=\"link\" data-id=\"https:\/\/ilm-cpdi.ca\/wp-content\/uploads\/2026\/02\/2026-Moot-program-Programme-du-concours.pdf\"> <\/a><\/p>\n<\/div><\/div>\n<\/div><\/div>\n\n\n\n<div class=\"wp-block-group is-nowrap is-layout-flex wp-container-core-group-is-layout-ad2f72ca wp-block-group-is-layout-flex\"><\/div>\n\n\n\n<p><\/p>","protected":false},"excerpt":{"rendered":"<p>The Immigration, Refugee, and Citizenship Law Moot is excited to be returning for a Seventh Year! We look forward to welcoming amazing teams and a prestigious final round panel. For more information, please reach out<span class=\"more-button\"><a href=\"https:\/\/ilm-cpdi.ca\/fr\/2027-moot\/\" class=\"more-link\">Continue reading<span class=\"screen-reader-text\">Le Concours de 2027<\/span><i class=\"fa fa-angle-right\" aria-hidden=\"true\"><\/i><\/a><\/span><\/p>","protected":false},"author":1,"featured_media":282,"parent":0,"menu_order":0,"comment_status":"closed","ping_status":"closed","template":"templates\/right-sidebar.php","meta":{"_coblocks_attr":"Georgia,Georgia","_coblocks_dimensions":"","_coblocks_responsive_height":"","_coblocks_accordion_ie_support":"","footnotes":""},"class_list":["post-524","page","type-page","status-publish","has-post-thumbnail","hentry"],"_links":{"self":[{"href":"https:\/\/ilm-cpdi.ca\/fr\/wp-json\/wp\/v2\/pages\/524","targetHints":{"allow":["GET"]}}],"collection":[{"href":"https:\/\/ilm-cpdi.ca\/fr\/wp-json\/wp\/v2\/pages"}],"about":[{"href":"https:\/\/ilm-cpdi.ca\/fr\/wp-json\/wp\/v2\/types\/page"}],"author":[{"embeddable":true,"href":"https:\/\/ilm-cpdi.ca\/fr\/wp-json\/wp\/v2\/users\/1"}],"replies":[{"embeddable":true,"href":"https:\/\/ilm-cpdi.ca\/fr\/wp-json\/wp\/v2\/comments?post=524"}],"version-history":[{"count":2,"href":"https:\/\/ilm-cpdi.ca\/fr\/wp-json\/wp\/v2\/pages\/524\/revisions"}],"predecessor-version":[{"id":529,"href":"https:\/\/ilm-cpdi.ca\/fr\/wp-json\/wp\/v2\/pages\/524\/revisions\/529"}],"wp:featuredmedia":[{"embeddable":true,"href":"https:\/\/ilm-cpdi.ca\/fr\/wp-json\/wp\/v2\/media\/282"}],"wp:attachment":[{"href":"https:\/\/ilm-cpdi.ca\/fr\/wp-json\/wp\/v2\/media?parent=524"}],"curies":[{"name":"wp","href":"https:\/\/api.w.org\/{rel}","templated":true}]}}