{"id":281,"date":"2023-05-31T12:40:21","date_gmt":"2023-05-31T12:40:21","guid":{"rendered":"https:\/\/ilm-cpdi.ca\/?page_id=281"},"modified":"2025-08-23T15:53:58","modified_gmt":"2025-08-23T15:53:58","slug":"2024-moot","status":"publish","type":"page","link":"https:\/\/ilm-cpdi.ca\/fr\/past-moots\/2024-moot\/","title":{"rendered":"Le Concours de 2024"},"content":{"rendered":"<div class=\"wp-block-cover\" style=\"min-height:83px;aspect-ratio:unset;\"><span aria-hidden=\"true\" class=\"wp-block-cover__background has-background-dim\"><\/span><img decoding=\"async\" class=\"wp-block-cover__image-background\" alt=\"\" src=\"https:\/\/ilm-cpdi.ca\/wp-content\/uploads\/2023\/05\/maple-leaves-150x150.jpg\" data-object-fit=\"cover\"\/><div class=\"wp-block-cover__inner-container is-layout-flow wp-block-cover-is-layout-flow\">\n<p><\/p>\n<\/div><\/div>\n\n\n\n<p class=\"has-normal-font-size\" style=\"letter-spacing:0px\">            Nous sommes ravis d'annoncer les gagnant(e)s du Concours de plaidoirie en droit de l'immigration, des r\u00e9fugi\u00e9s et de la citoyennet\u00e9 de 2024 ! F\u00e9licitations aux plaidoyeurs et plaidoyeuses et leurs \u00e9quipes pour votre travail acharn\u00e9!<\/p>\n\n\n\n<div class=\"wp-block-group is-nowrap is-layout-flex wp-container-core-group-is-layout-ad2f72ca wp-block-group-is-layout-flex\">\n<div class=\"wp-block-media-text is-stacked-on-mobile is-image-fill\" style=\"grid-template-columns:39% auto\"><figure class=\"wp-block-media-text__media\" style=\"background-image:url(https:\/\/ilm-cpdi.ca\/wp-content\/uploads\/2023\/03\/books.jpg);background-position:51% 49%\"><img loading=\"lazy\" decoding=\"async\" width=\"338\" height=\"240\" src=\"https:\/\/ilm-cpdi.ca\/wp-content\/uploads\/2023\/03\/books.jpg\" alt=\"\" class=\"wp-image-262 size-full\" srcset=\"https:\/\/ilm-cpdi.ca\/wp-content\/uploads\/2023\/03\/books.jpg 338w, https:\/\/ilm-cpdi.ca\/wp-content\/uploads\/2023\/03\/books-300x213.jpg 300w, https:\/\/ilm-cpdi.ca\/wp-content\/uploads\/2023\/03\/books-18x12.jpg 18w\" sizes=\"auto, (max-width: 338px) 100vw, 338px\" \/><\/figure><div class=\"wp-block-media-text__content\">\n<h3 class=\"wp-block-heading\" style=\"font-size:34px\">Nos gagnant(e)s<\/h3>\n\n\n\n<p style=\"font-size:18px\"><strong>Meilleur groupe<\/strong>&nbsp;(gagnant de la ronde finale): Universit\u00e9 d'Ottawa - M\u00e9lanie Davidson et Andrew Clark-Alfaro<\/p>\n\n\n\n<p style=\"font-size:18px\"><em>deuxi\u00e8me:&nbsp;<\/em>l'universit\u00e9 de Thompson Rivers - Wei Lin Wang et Scott Stewart-Lee<\/p>\n\n\n\n<p style=\"font-size:18px\"><strong>Meilleure facult\u00e9 de droit&nbsp;<\/strong>(les meilleures r\u00e9sultats pour les m\u00e9moires et les rondes orales combin\u00e9) : l'universit\u00e9 Queen's - Olivia Chang, Olivia Graham, Ravalika Palle, Ashley Xuzhao et Mohamed Rahal<\/p>\n\n\n\n<p style=\"font-size:18px\"><em>deuxi\u00e8me:&nbsp;<\/em>l'universit\u00e9 de Thompson Rivers - Tamara Luistro, Rosina Hamoni, Wei Lin Wang, Ignacia Mendez et Scott Stewart-Lee<\/p>\n\n\n\n<p style=\"font-size:18px\"><strong>Meilleure plaidoirie en \u00e9quipe&nbsp;<\/strong>(des rondes pr\u00e9liminaire) : l'universit\u00e9 Queen's - Olivia Chang, Olivia Graham, Ravalika Palle, Ashley Xuzhao et Mohamed Rahal<\/p>\n\n\n\n<p style=\"font-size:18px\"><em>deuxi\u00e8me:&nbsp;<\/em>l'universit\u00e9 d'Ottawa - M\u00e9lanie Davidson, Andrew Clark-Alfaro, Val\u00e9rie Pilote et M\u00e9lanie Cantin<\/p>\n\n\n\n<p style=\"font-size:18px\"><strong>Meilleur plaideur individuel<\/strong>: Olivia Graham (l'universit\u00e9 Queen's) <\/p>\n\n\n\n<p style=\"font-size:18px\"><em>deuxi\u00e8me: <\/em>Andrew Clark-Alfaro (l'universit\u00e9 d'Ottawa)<\/p>\n\n\n\n<p style=\"font-size:18px\"><strong>Meilleur m\u00e9moire<\/strong>: l'universit\u00e9 Queen's - Olivia Chang, Olivia Graham, Ravalika Palle, Ashley Xuzhao, and Mohamed Rahal (<a href=\"https:\/\/ilm-cpdi.ca\/wp-content\/uploads\/2024\/03\/3A-Appellant-Factum.pdf\" target=\"_blank\" rel=\"noreferrer noopener\">appelants<\/a>&nbsp;et&nbsp;<a href=\"https:\/\/ilm-cpdi.ca\/wp-content\/uploads\/2024\/03\/3R-Respondent-Factum.pdf\" target=\"_blank\" rel=\"noreferrer noopener\">l'intim\u00e9e<\/a>)<\/p>\n\n\n\n<p style=\"font-size:18px\"><em>deuxi\u00e8me<\/em>: l'universit\u00e9 Thompson Rivers - Tamara Luistro, Rosina Hamoni, Wei Lin Wang, Ignacia Mendez et Scott Stewart-Lee (<a href=\"https:\/\/ilm-cpdi.ca\/wp-content\/uploads\/2024\/03\/Team-ID-4-Appellant-Factum.pdf\" target=\"_blank\" rel=\"noreferrer noopener\">appelants<\/a>&nbsp;et&nbsp;<a href=\"https:\/\/ilm-cpdi.ca\/wp-content\/uploads\/2024\/03\/Team-ID-4-Respondent-Factum.pdf\" target=\"_blank\" rel=\"noreferrer noopener\">l'intim\u00e9e<\/a>)<\/p>\n<\/div><\/div>\n<\/div>\n\n\n\n<div class=\"wp-block-group\"><div class=\"wp-block-group__inner-container is-layout-constrained wp-block-group-is-layout-constrained\">\n<figure class=\"wp-block-gallery has-nested-images columns-default is-cropped wp-block-gallery-1 is-layout-flex wp-block-gallery-is-layout-flex\">\n<figure class=\"wp-block-image size-large\"><img loading=\"lazy\" decoding=\"async\" width=\"1024\" height=\"683\" data-id=\"356\" src=\"https:\/\/ilm-cpdi.ca\/wp-content\/uploads\/2024\/07\/IMG_5067-1024x683.jpg\" alt=\"\" class=\"wp-image-356\" srcset=\"https:\/\/ilm-cpdi.ca\/wp-content\/uploads\/2024\/07\/IMG_5067-1024x683.jpg 1024w, https:\/\/ilm-cpdi.ca\/wp-content\/uploads\/2024\/07\/IMG_5067-300x200.jpg 300w, https:\/\/ilm-cpdi.ca\/wp-content\/uploads\/2024\/07\/IMG_5067-768x512.jpg 768w, https:\/\/ilm-cpdi.ca\/wp-content\/uploads\/2024\/07\/IMG_5067-1536x1024.jpg 1536w, https:\/\/ilm-cpdi.ca\/wp-content\/uploads\/2024\/07\/IMG_5067-2048x1365.jpg 2048w, https:\/\/ilm-cpdi.ca\/wp-content\/uploads\/2024\/07\/IMG_5067-18x12.jpg 18w, https:\/\/ilm-cpdi.ca\/wp-content\/uploads\/2024\/07\/IMG_5067-180x120.jpg 180w\" sizes=\"auto, (max-width: 1024px) 100vw, 1024px\" \/><\/figure>\n\n\n\n<figure class=\"wp-block-image size-large\"><img loading=\"lazy\" decoding=\"async\" width=\"1024\" height=\"683\" data-id=\"361\" src=\"https:\/\/ilm-cpdi.ca\/wp-content\/uploads\/2024\/07\/IMG_5190-1024x683.jpg\" alt=\"\" class=\"wp-image-361\" srcset=\"https:\/\/ilm-cpdi.ca\/wp-content\/uploads\/2024\/07\/IMG_5190-1024x683.jpg 1024w, https:\/\/ilm-cpdi.ca\/wp-content\/uploads\/2024\/07\/IMG_5190-300x200.jpg 300w, https:\/\/ilm-cpdi.ca\/wp-content\/uploads\/2024\/07\/IMG_5190-768x512.jpg 768w, https:\/\/ilm-cpdi.ca\/wp-content\/uploads\/2024\/07\/IMG_5190-1536x1024.jpg 1536w, https:\/\/ilm-cpdi.ca\/wp-content\/uploads\/2024\/07\/IMG_5190-2048x1365.jpg 2048w, https:\/\/ilm-cpdi.ca\/wp-content\/uploads\/2024\/07\/IMG_5190-18x12.jpg 18w, https:\/\/ilm-cpdi.ca\/wp-content\/uploads\/2024\/07\/IMG_5190-180x120.jpg 180w\" sizes=\"auto, (max-width: 1024px) 100vw, 1024px\" \/><\/figure>\n\n\n\n<figure class=\"wp-block-image size-large\"><img loading=\"lazy\" decoding=\"async\" width=\"683\" height=\"1024\" data-id=\"355\" src=\"https:\/\/ilm-cpdi.ca\/wp-content\/uploads\/2024\/07\/IMG_5257-683x1024.jpg\" alt=\"\" class=\"wp-image-355\" srcset=\"https:\/\/ilm-cpdi.ca\/wp-content\/uploads\/2024\/07\/IMG_5257-683x1024.jpg 683w, https:\/\/ilm-cpdi.ca\/wp-content\/uploads\/2024\/07\/IMG_5257-200x300.jpg 200w, https:\/\/ilm-cpdi.ca\/wp-content\/uploads\/2024\/07\/IMG_5257-768x1152.jpg 768w, https:\/\/ilm-cpdi.ca\/wp-content\/uploads\/2024\/07\/IMG_5257-1024x1536.jpg 1024w, https:\/\/ilm-cpdi.ca\/wp-content\/uploads\/2024\/07\/IMG_5257-1365x2048.jpg 1365w, https:\/\/ilm-cpdi.ca\/wp-content\/uploads\/2024\/07\/IMG_5257-8x12.jpg 8w, https:\/\/ilm-cpdi.ca\/wp-content\/uploads\/2024\/07\/IMG_5257-666x999.jpg 666w, https:\/\/ilm-cpdi.ca\/wp-content\/uploads\/2024\/07\/IMG_5257-scaled.jpg 1707w\" sizes=\"auto, (max-width: 683px) 100vw, 683px\" \/><\/figure>\n\n\n\n<figure class=\"wp-block-image size-large\"><img loading=\"lazy\" decoding=\"async\" width=\"1024\" height=\"683\" data-id=\"360\" src=\"https:\/\/ilm-cpdi.ca\/wp-content\/uploads\/2024\/07\/IMG_5265-1024x683.jpg\" alt=\"\" class=\"wp-image-360\" srcset=\"https:\/\/ilm-cpdi.ca\/wp-content\/uploads\/2024\/07\/IMG_5265-1024x683.jpg 1024w, https:\/\/ilm-cpdi.ca\/wp-content\/uploads\/2024\/07\/IMG_5265-300x200.jpg 300w, https:\/\/ilm-cpdi.ca\/wp-content\/uploads\/2024\/07\/IMG_5265-768x512.jpg 768w, https:\/\/ilm-cpdi.ca\/wp-content\/uploads\/2024\/07\/IMG_5265-1536x1024.jpg 1536w, https:\/\/ilm-cpdi.ca\/wp-content\/uploads\/2024\/07\/IMG_5265-2048x1365.jpg 2048w, https:\/\/ilm-cpdi.ca\/wp-content\/uploads\/2024\/07\/IMG_5265-18x12.jpg 18w, https:\/\/ilm-cpdi.ca\/wp-content\/uploads\/2024\/07\/IMG_5265-180x120.jpg 180w\" sizes=\"auto, (max-width: 1024px) 100vw, 1024px\" \/><\/figure>\n\n\n\n<figure class=\"wp-block-image size-large\"><img loading=\"lazy\" decoding=\"async\" width=\"1024\" height=\"683\" data-id=\"358\" src=\"https:\/\/ilm-cpdi.ca\/wp-content\/uploads\/2024\/07\/IMG_5294-1024x683.jpg\" alt=\"\" class=\"wp-image-358\" srcset=\"https:\/\/ilm-cpdi.ca\/wp-content\/uploads\/2024\/07\/IMG_5294-1024x683.jpg 1024w, https:\/\/ilm-cpdi.ca\/wp-content\/uploads\/2024\/07\/IMG_5294-300x200.jpg 300w, https:\/\/ilm-cpdi.ca\/wp-content\/uploads\/2024\/07\/IMG_5294-768x512.jpg 768w, https:\/\/ilm-cpdi.ca\/wp-content\/uploads\/2024\/07\/IMG_5294-1536x1024.jpg 1536w, https:\/\/ilm-cpdi.ca\/wp-content\/uploads\/2024\/07\/IMG_5294-2048x1365.jpg 2048w, https:\/\/ilm-cpdi.ca\/wp-content\/uploads\/2024\/07\/IMG_5294-18x12.jpg 18w, https:\/\/ilm-cpdi.ca\/wp-content\/uploads\/2024\/07\/IMG_5294-180x120.jpg 180w\" sizes=\"auto, (max-width: 1024px) 100vw, 1024px\" \/><\/figure>\n\n\n\n<figure class=\"wp-block-image size-large\"><img loading=\"lazy\" decoding=\"async\" width=\"1024\" height=\"683\" data-id=\"359\" src=\"https:\/\/ilm-cpdi.ca\/wp-content\/uploads\/2024\/07\/IMG_5323-1024x683.jpg\" alt=\"\" class=\"wp-image-359\" srcset=\"https:\/\/ilm-cpdi.ca\/wp-content\/uploads\/2024\/07\/IMG_5323-1024x683.jpg 1024w, https:\/\/ilm-cpdi.ca\/wp-content\/uploads\/2024\/07\/IMG_5323-300x200.jpg 300w, https:\/\/ilm-cpdi.ca\/wp-content\/uploads\/2024\/07\/IMG_5323-768x512.jpg 768w, https:\/\/ilm-cpdi.ca\/wp-content\/uploads\/2024\/07\/IMG_5323-1536x1024.jpg 1536w, https:\/\/ilm-cpdi.ca\/wp-content\/uploads\/2024\/07\/IMG_5323-2048x1365.jpg 2048w, https:\/\/ilm-cpdi.ca\/wp-content\/uploads\/2024\/07\/IMG_5323-18x12.jpg 18w, https:\/\/ilm-cpdi.ca\/wp-content\/uploads\/2024\/07\/IMG_5323-180x120.jpg 180w\" sizes=\"auto, (max-width: 1024px) 100vw, 1024px\" \/><\/figure>\n\n\n\n<figure class=\"wp-block-image size-large\"><img loading=\"lazy\" decoding=\"async\" width=\"1024\" height=\"683\" data-id=\"357\" src=\"https:\/\/ilm-cpdi.ca\/wp-content\/uploads\/2024\/07\/IMG_5464-1024x683.jpg\" alt=\"\" class=\"wp-image-357\" srcset=\"https:\/\/ilm-cpdi.ca\/wp-content\/uploads\/2024\/07\/IMG_5464-1024x683.jpg 1024w, https:\/\/ilm-cpdi.ca\/wp-content\/uploads\/2024\/07\/IMG_5464-300x200.jpg 300w, https:\/\/ilm-cpdi.ca\/wp-content\/uploads\/2024\/07\/IMG_5464-768x512.jpg 768w, https:\/\/ilm-cpdi.ca\/wp-content\/uploads\/2024\/07\/IMG_5464-1536x1024.jpg 1536w, https:\/\/ilm-cpdi.ca\/wp-content\/uploads\/2024\/07\/IMG_5464-2048x1365.jpg 2048w, https:\/\/ilm-cpdi.ca\/wp-content\/uploads\/2024\/07\/IMG_5464-18x12.jpg 18w, https:\/\/ilm-cpdi.ca\/wp-content\/uploads\/2024\/07\/IMG_5464-180x120.jpg 180w\" sizes=\"auto, (max-width: 1024px) 100vw, 1024px\" \/><\/figure>\n<\/figure>\n<\/div><\/div>\n\n\n\n<div class=\"wp-block-group\"><div class=\"wp-block-group__inner-container is-layout-constrained wp-block-group-is-layout-constrained\">\n<div class=\"wp-block-media-text alignwide has-media-on-the-right is-stacked-on-mobile is-vertically-aligned-top is-image-fill is-style-default\" style=\"grid-template-columns:auto 49%\"><div class=\"wp-block-media-text__content\">\n<h3 class=\"wp-block-heading\">Dates importantes<\/h3>\n\n\n\n<p class=\"has-text-align-left has-small-font-size\">Date limite d'enregistrement: <strong>3 novembre 2023<\/strong><\/p>\n\n\n\n<p class=\"has-text-align-left has-small-font-size\">Publication du probl\u00e8me du concours et les r\u00e8gles du concours: <strong>10 novembre, 202<\/strong>3<\/p>\n\n\n\n<p class=\"has-text-align-left has-small-font-size\">Date limite pour demander des clarifications au probl\u00e8me et aux r\u00e8gles: <strong>24 novembre 202<\/strong>3<\/p>\n\n\n\n<p class=\"has-text-align-left has-small-font-size\">Date limite pour identifier les roles des plaidoyantes: <strong>24 novembre 2023<\/strong><\/p>\n\n\n\n<p class=\"has-text-align-left has-small-font-size\">Publication des r\u00e9ponses aux questions de clarification: <strong>15 d\u00e9cembre 2023<\/strong><\/p>\n\n\n\n<p class=\"has-text-align-left has-small-font-size\">Date limite pour soumettre les m\u00e9moires et les traductions d'un page: <strong>9 f\u00e9vrier 2024<\/strong><\/p>\n\n\n\n<p style=\"font-size:15px\">R\u00e9ception de bienvenue (\u00e0 Toronto): <strong>jeudi, le 29 f\u00e9vrier 2024<\/strong><\/p>\n\n\n\n<p class=\"has-text-align-left has-small-font-size\" style=\"font-size:15px\">Premi\u00e8re journ\u00e9e du Concours (\u00e0 la Cour f\u00e9d\u00e9rale \u00e0 Toronto): <strong>vendredi, le 1 mars, 2024<\/strong><\/p>\n\n\n\n<p style=\"font-size:15px\">Deuxi\u00e8me journ\u00e9e du Concours (\u00e0 la Cour f\u00e9d\u00e9rale \u00e0 Toronto): <strong>samedi, le 2 mars, 2024 <\/strong><\/p>\n\n\n\n<p style=\"font-size:15px\">C\u00e9r\u00e9monie de cl\u00f4ture et remise des prix (\u00e0  Toronto): <strong>samedi, le 2 mars, 2024<\/strong><\/p>\n<\/div><figure class=\"wp-block-media-text__media\" style=\"background-image:url(https:\/\/ilm-cpdi.ca\/wp-content\/uploads\/2022\/10\/20221018-scott-graham-5fNmWej4tAA-unsplash-1-1024x683.jpg);background-position:50% 50%\"><img loading=\"lazy\" decoding=\"async\" width=\"1024\" height=\"683\" src=\"https:\/\/ilm-cpdi.ca\/wp-content\/uploads\/2022\/10\/20221018-scott-graham-5fNmWej4tAA-unsplash-1-1024x683.jpg\" alt=\"\" class=\"wp-image-86 size-full\" srcset=\"https:\/\/ilm-cpdi.ca\/wp-content\/uploads\/2022\/10\/20221018-scott-graham-5fNmWej4tAA-unsplash-1-1024x683.jpg 1024w, https:\/\/ilm-cpdi.ca\/wp-content\/uploads\/2022\/10\/20221018-scott-graham-5fNmWej4tAA-unsplash-1-300x200.jpg 300w, https:\/\/ilm-cpdi.ca\/wp-content\/uploads\/2022\/10\/20221018-scott-graham-5fNmWej4tAA-unsplash-1-768x513.jpg 768w, https:\/\/ilm-cpdi.ca\/wp-content\/uploads\/2022\/10\/20221018-scott-graham-5fNmWej4tAA-unsplash-1-1536x1025.jpg 1536w, https:\/\/ilm-cpdi.ca\/wp-content\/uploads\/2022\/10\/20221018-scott-graham-5fNmWej4tAA-unsplash-1-2048x1367.jpg 2048w, https:\/\/ilm-cpdi.ca\/wp-content\/uploads\/2022\/10\/20221018-scott-graham-5fNmWej4tAA-unsplash-1-180x120.jpg 180w\" sizes=\"auto, (max-width: 1024px) 100vw, 1024px\" \/><\/figure><\/div>\n<\/div><\/div>\n\n\n\n<div class=\"wp-block-group\"><div class=\"wp-block-group__inner-container is-layout-constrained wp-block-group-is-layout-constrained\">\n<div class=\"wp-block-cover alignwide is-style-default coblocks-animate\" style=\"min-height:275px;aspect-ratio:unset;\" data-coblocks-animation=\"slideInRight\"><span aria-hidden=\"true\" class=\"wp-block-cover__background has-background-dim-60 has-background-dim\"><\/span><img loading=\"lazy\" decoding=\"async\" width=\"2560\" height=\"1349\" class=\"wp-block-cover__image-background wp-image-101\" alt=\"\" src=\"https:\/\/ilm-cpdi.ca\/wp-content\/uploads\/2022\/10\/crop-0-0-2560-1349-0-20221018-mediamodifier-nCk22aqZjlM-unsplash-scaled.jpg\" style=\"object-position:49% 100%\" data-object-fit=\"cover\" data-object-position=\"49% 100%\" srcset=\"https:\/\/ilm-cpdi.ca\/wp-content\/uploads\/2022\/10\/crop-0-0-2560-1349-0-20221018-mediamodifier-nCk22aqZjlM-unsplash-scaled.jpg 2560w, https:\/\/ilm-cpdi.ca\/wp-content\/uploads\/2022\/10\/crop-0-0-2560-1349-0-20221018-mediamodifier-nCk22aqZjlM-unsplash-scaled-300x158.jpg 300w, https:\/\/ilm-cpdi.ca\/wp-content\/uploads\/2022\/10\/crop-0-0-2560-1349-0-20221018-mediamodifier-nCk22aqZjlM-unsplash-scaled-1024x540.jpg 1024w, https:\/\/ilm-cpdi.ca\/wp-content\/uploads\/2022\/10\/crop-0-0-2560-1349-0-20221018-mediamodifier-nCk22aqZjlM-unsplash-scaled-768x405.jpg 768w, https:\/\/ilm-cpdi.ca\/wp-content\/uploads\/2022\/10\/crop-0-0-2560-1349-0-20221018-mediamodifier-nCk22aqZjlM-unsplash-scaled-1536x809.jpg 1536w, https:\/\/ilm-cpdi.ca\/wp-content\/uploads\/2022\/10\/crop-0-0-2560-1349-0-20221018-mediamodifier-nCk22aqZjlM-unsplash-scaled-2048x1079.jpg 2048w\" sizes=\"auto, (max-width: 2560px) 100vw, 2560px\" \/><div class=\"wp-block-cover__inner-container is-layout-flow wp-block-cover-is-layout-flow\">\n<div class=\"wp-block-group is-vertical is-layout-flex wp-container-core-group-is-layout-8cf370e7 wp-block-group-is-layout-flex\">\n<p class=\"has-white-color has-text-color\" style=\"font-size:30px\">Ressources<\/p>\n\n\n\n<p><a href=\"https:\/\/ilm-cpdi.ca\/wp-content\/uploads\/2023\/09\/2024-Concours-de-plaidoirie-en-droit-dIRC-Formulaire-dinscription.pdf\" target=\"_blank\" rel=\"noreferrer noopener\">Formulaire d'inscription<\/a><\/p>\n\n\n\n<p><a href=\"https:\/\/ilm-cpdi.ca\/wp-content\/uploads\/2023\/11\/Regles-officielles-2024.pdf\" target=\"_blank\" rel=\"noreferrer noopener\">R\u00e8gles officielles de 2024<\/a> <\/p>\n\n\n\n<p><a href=\"https:\/\/ilm-cpdi.ca\/wp-content\/uploads\/2023\/12\/2024-Probleme-officiel-du-Concours-de-plaidoirie-en-droit-de-lIRC.pdf\" target=\"_blank\" rel=\"noreferrer noopener\">Probl\u00e8me officiel de 2024<\/a> <\/p>\n\n\n\n<p><a href=\"https:\/\/ilm-cpdi.ca\/wp-content\/uploads\/2023\/12\/2024-ILM-Eclaircissements.pdf\" target=\"_blank\" rel=\"noreferrer noopener\">R\u00e9ponses aux questions pour clarification<\/a><\/p>\n\n\n\n<p><a href=\"https:\/\/ilm-cpdi.ca\/wp-content\/uploads\/2024\/02\/2024-Moot-program-Programme-du-concours-1.pdf\" target=\"_blank\" rel=\"noreferrer noopener\">Programme du concours - 2024<\/a><\/p>\n<\/div>\n<\/div><\/div>\n<\/div><\/div>\n\n\n\n<div class=\"wp-block-group is-nowrap is-layout-flex wp-container-core-group-is-layout-ad2f72ca wp-block-group-is-layout-flex\">\n<figure class=\"wp-block-image size-large\"><img loading=\"lazy\" decoding=\"async\" width=\"791\" height=\"1024\" src=\"https:\/\/ilm-cpdi.ca\/wp-content\/uploads\/2024\/02\/Sponsors-Page_1-1-791x1024.jpg\" alt=\"\" class=\"wp-image-324\" srcset=\"https:\/\/ilm-cpdi.ca\/wp-content\/uploads\/2024\/02\/Sponsors-Page_1-1-791x1024.jpg 791w, https:\/\/ilm-cpdi.ca\/wp-content\/uploads\/2024\/02\/Sponsors-Page_1-1-232x300.jpg 232w, https:\/\/ilm-cpdi.ca\/wp-content\/uploads\/2024\/02\/Sponsors-Page_1-1-768x994.jpg 768w, https:\/\/ilm-cpdi.ca\/wp-content\/uploads\/2024\/02\/Sponsors-Page_1-1-1187x1536.jpg 1187w, https:\/\/ilm-cpdi.ca\/wp-content\/uploads\/2024\/02\/Sponsors-Page_1-1-1583x2048.jpg 1583w, https:\/\/ilm-cpdi.ca\/wp-content\/uploads\/2024\/02\/Sponsors-Page_1-1-9x12.jpg 9w, https:\/\/ilm-cpdi.ca\/wp-content\/uploads\/2024\/02\/Sponsors-Page_1-1-scaled.jpg 1978w\" sizes=\"auto, (max-width: 791px) 100vw, 791px\" \/><\/figure>\n<\/div>\n\n\n\n<div class=\"wp-block-group is-nowrap is-layout-flex wp-container-core-group-is-layout-ad2f72ca wp-block-group-is-layout-flex\">\n<figure class=\"wp-block-image size-large\"><img loading=\"lazy\" decoding=\"async\" width=\"791\" height=\"1024\" src=\"https:\/\/ilm-cpdi.ca\/wp-content\/uploads\/2024\/02\/Sponsors-Page_2-1-791x1024.jpg\" alt=\"\" class=\"wp-image-325\" srcset=\"https:\/\/ilm-cpdi.ca\/wp-content\/uploads\/2024\/02\/Sponsors-Page_2-1-791x1024.jpg 791w, https:\/\/ilm-cpdi.ca\/wp-content\/uploads\/2024\/02\/Sponsors-Page_2-1-232x300.jpg 232w, https:\/\/ilm-cpdi.ca\/wp-content\/uploads\/2024\/02\/Sponsors-Page_2-1-768x994.jpg 768w, https:\/\/ilm-cpdi.ca\/wp-content\/uploads\/2024\/02\/Sponsors-Page_2-1-1187x1536.jpg 1187w, https:\/\/ilm-cpdi.ca\/wp-content\/uploads\/2024\/02\/Sponsors-Page_2-1-1583x2048.jpg 1583w, https:\/\/ilm-cpdi.ca\/wp-content\/uploads\/2024\/02\/Sponsors-Page_2-1-9x12.jpg 9w, https:\/\/ilm-cpdi.ca\/wp-content\/uploads\/2024\/02\/Sponsors-Page_2-1-scaled.jpg 1978w\" sizes=\"auto, (max-width: 791px) 100vw, 791px\" \/><\/figure>\n<\/div>","protected":false},"excerpt":{"rendered":"<p>We are pleased to announce the winners of the 2024 Immigration, Refugee, and Citizenship Law Moot! Congratulations to all the mooters and their teams for an incredible job! OUR WINNERS Champion Group&nbsp;(Finalist winner): University of<span class=\"more-button\"><a href=\"https:\/\/ilm-cpdi.ca\/fr\/past-moots\/2024-moot\/\" class=\"more-link\">Continue reading<span class=\"screen-reader-text\">Le Concours de 2024<\/span><i class=\"fa fa-angle-right\" aria-hidden=\"true\"><\/i><\/a><\/span><\/p>","protected":false},"author":1,"featured_media":282,"parent":65,"menu_order":0,"comment_status":"closed","ping_status":"closed","template":"templates\/right-sidebar.php","meta":{"_coblocks_attr":"Georgia,Georgia","_coblocks_dimensions":"","_coblocks_responsive_height":"","_coblocks_accordion_ie_support":"","footnotes":""},"class_list":["post-281","page","type-page","status-publish","has-post-thumbnail","hentry"],"_links":{"self":[{"href":"https:\/\/ilm-cpdi.ca\/fr\/wp-json\/wp\/v2\/pages\/281","targetHints":{"allow":["GET"]}}],"collection":[{"href":"https:\/\/ilm-cpdi.ca\/fr\/wp-json\/wp\/v2\/pages"}],"about":[{"href":"https:\/\/ilm-cpdi.ca\/fr\/wp-json\/wp\/v2\/types\/page"}],"author":[{"embeddable":true,"href":"https:\/\/ilm-cpdi.ca\/fr\/wp-json\/wp\/v2\/users\/1"}],"replies":[{"embeddable":true,"href":"https:\/\/ilm-cpdi.ca\/fr\/wp-json\/wp\/v2\/comments?post=281"}],"version-history":[{"count":19,"href":"https:\/\/ilm-cpdi.ca\/fr\/wp-json\/wp\/v2\/pages\/281\/revisions"}],"predecessor-version":[{"id":362,"href":"https:\/\/ilm-cpdi.ca\/fr\/wp-json\/wp\/v2\/pages\/281\/revisions\/362"}],"up":[{"embeddable":true,"href":"https:\/\/ilm-cpdi.ca\/fr\/wp-json\/wp\/v2\/pages\/65"}],"wp:featuredmedia":[{"embeddable":true,"href":"https:\/\/ilm-cpdi.ca\/fr\/wp-json\/wp\/v2\/media\/282"}],"wp:attachment":[{"href":"https:\/\/ilm-cpdi.ca\/fr\/wp-json\/wp\/v2\/media?parent=281"}],"curies":[{"name":"wp","href":"https:\/\/api.w.org\/{rel}","templated":true}]}}