{"id":10,"date":"2020-09-15T14:08:35","date_gmt":"2020-09-15T14:08:35","guid":{"rendered":"https:\/\/ilm-cpdi.ca\/home\/"},"modified":"2026-03-04T18:27:03","modified_gmt":"2026-03-04T18:27:03","slug":"home","status":"publish","type":"page","link":"https:\/\/ilm-cpdi.ca\/fr\/","title":{"rendered":"Page d'accueil"},"content":{"rendered":"<hr class=\"wp-block-separator has-css-opacity\"\/>\n\n\n\n<p class=\"has-text-align-center has-large-font-size coblocks-animate\" data-coblocks-animation=\"fadeIn\">Returning for a seventh year!<\/p>\n\n\n\n<figure class=\"wp-block-image size-large\"><img loading=\"lazy\" decoding=\"async\" width=\"1024\" height=\"768\" src=\"https:\/\/ilm-cpdi.ca\/wp-content\/uploads\/2024\/07\/Final-Panel-and-mooters-1024x768.jpg\" alt=\"\" class=\"wp-image-365\" srcset=\"https:\/\/ilm-cpdi.ca\/wp-content\/uploads\/2024\/07\/Final-Panel-and-mooters-1024x768.jpg 1024w, https:\/\/ilm-cpdi.ca\/wp-content\/uploads\/2024\/07\/Final-Panel-and-mooters-300x225.jpg 300w, https:\/\/ilm-cpdi.ca\/wp-content\/uploads\/2024\/07\/Final-Panel-and-mooters-768x576.jpg 768w, https:\/\/ilm-cpdi.ca\/wp-content\/uploads\/2024\/07\/Final-Panel-and-mooters-1536x1152.jpg 1536w, https:\/\/ilm-cpdi.ca\/wp-content\/uploads\/2024\/07\/Final-Panel-and-mooters-2048x1536.jpg 2048w, https:\/\/ilm-cpdi.ca\/wp-content\/uploads\/2024\/07\/Final-Panel-and-mooters-16x12.jpg 16w, https:\/\/ilm-cpdi.ca\/wp-content\/uploads\/2024\/07\/Final-Panel-and-mooters-666x499.jpg 666w\" sizes=\"auto, (max-width: 1024px) 100vw, 1024px\" \/><\/figure>\n\n\n\n<p>Le Concours de plaidoirie en droit de l'immigration, des r\u00e9fugi\u00e9s et de la citoyennet\u00e9 est un \u00e9v\u00e9nement national bilingue qui rassemble des \u00e9tudiant.e.s en droit, des avocat.e.s et des juges de partout au pays en vue de faire progresser l\u2019\u00e9ducation juridique li\u00e9e aux questions migratoires. Le Concours de plaidoirie a \u00e9t\u00e9 fond\u00e9 en 2020 par un groupe d\u00e9vou\u00e9 de juristes en droit de l'immigration. <\/p>\n\n\n\n<p>Au cours des derni\u00e8res ann\u00e9es, le concours a accueilli certains des meilleurs juristes du pays pour juger les concurrent(e)s lors des rondes finales, notamment les juges Andromache Karakatsanis et Mahmud Jamal de la Cour supr\u00eame du Canada, le juge en chef Michael Tulloch de la Cour d'appel de l'Ontario, le juge George Locke de la Cour d'appel f\u00e9d\u00e9rale et l'honorable Arif Virani, ancien ministre de la Justice et procureur g\u00e9n\u00e9ral du Canada.<\/p>\n\n\n\n<p><\/p>\n\n\n\n<hr class=\"wp-block-separator has-alpha-channel-opacity is-style-dots\"\/>\n\n\n\n<p><\/p>","protected":false},"excerpt":{"rendered":"<p>Returning for a seventh year! The Immigration, Refugee and Citizenship Law Moot is a national, bilingual event that brings together law students, lawyers, and judges from across the country to advance legal education related to<span class=\"more-button\"><a href=\"https:\/\/ilm-cpdi.ca\/fr\/\" class=\"more-link\">Continue reading<span class=\"screen-reader-text\">Page d'accueil<\/span><i class=\"fa fa-angle-right\" aria-hidden=\"true\"><\/i><\/a><\/span><\/p>","protected":false},"author":1,"featured_media":28,"parent":0,"menu_order":0,"comment_status":"closed","ping_status":"closed","template":"","meta":{"_coblocks_attr":"","_coblocks_dimensions":"","_coblocks_responsive_height":"","_coblocks_accordion_ie_support":"","footnotes":""},"class_list":["post-10","page","type-page","status-publish","has-post-thumbnail","hentry"],"_links":{"self":[{"href":"https:\/\/ilm-cpdi.ca\/fr\/wp-json\/wp\/v2\/pages\/10","targetHints":{"allow":["GET"]}}],"collection":[{"href":"https:\/\/ilm-cpdi.ca\/fr\/wp-json\/wp\/v2\/pages"}],"about":[{"href":"https:\/\/ilm-cpdi.ca\/fr\/wp-json\/wp\/v2\/types\/page"}],"author":[{"embeddable":true,"href":"https:\/\/ilm-cpdi.ca\/fr\/wp-json\/wp\/v2\/users\/1"}],"replies":[{"embeddable":true,"href":"https:\/\/ilm-cpdi.ca\/fr\/wp-json\/wp\/v2\/comments?post=10"}],"version-history":[{"count":29,"href":"https:\/\/ilm-cpdi.ca\/fr\/wp-json\/wp\/v2\/pages\/10\/revisions"}],"predecessor-version":[{"id":527,"href":"https:\/\/ilm-cpdi.ca\/fr\/wp-json\/wp\/v2\/pages\/10\/revisions\/527"}],"wp:featuredmedia":[{"embeddable":true,"href":"https:\/\/ilm-cpdi.ca\/fr\/wp-json\/wp\/v2\/media\/28"}],"wp:attachment":[{"href":"https:\/\/ilm-cpdi.ca\/fr\/wp-json\/wp\/v2\/media?parent=10"}],"curies":[{"name":"wp","href":"https:\/\/api.w.org\/{rel}","templated":true}]}}